{"id":2,"date":"2025-12-18T17:11:19","date_gmt":"2025-12-18T17:11:19","guid":{"rendered":"https:\/\/armandocerra.rkinformatika.online\/?page_id=2"},"modified":"2025-12-22T10:39:45","modified_gmt":"2025-12-22T10:39:45","slug":"inicio","status":"publish","type":"page","link":"https:\/\/armandocerra.com\/en\/","title":{"rendered":"Home"},"content":{"rendered":"<div data-elementor-type=\"wp-page\" data-elementor-id=\"2\" class=\"elementor elementor-2\" data-elementor-post-type=\"page\">\n\t\t\t\t<div class=\"elementor-element elementor-element-a754c9a e-flex e-con-boxed e-con e-parent\" data-id=\"a754c9a\" data-element_type=\"container\" data-e-type=\"container\" data-settings=\"{&quot;background_background&quot;:&quot;classic&quot;}\">\n\t\t\t\t\t<div class=\"e-con-inner\">\n\t\t\t\t<div class=\"elementor-element elementor-element-a1a3415 elementor-widget elementor-widget-heading\" data-id=\"a1a3415\" data-element_type=\"widget\" data-e-type=\"widget\" data-widget_type=\"heading.default\">\n\t\t\t\t\t<h2 class=\"elementor-heading-title elementor-size-default\">Armando Cerra <\/h2>\t\t\t\t<\/div>\n\t\t\t\t\t<\/div>\n\t\t\t\t<\/div>\n\t\t<div class=\"elementor-element elementor-element-f6d8a95 e-flex e-con-boxed e-con e-parent\" data-id=\"f6d8a95\" data-element_type=\"container\" data-e-type=\"container\">\n\t\t\t\t\t<div class=\"e-con-inner\">\n\t\t<div class=\"elementor-element elementor-element-a4c3d74 e-con-full e-flex e-con e-child\" data-id=\"a4c3d74\" data-element_type=\"container\" data-e-type=\"container\">\n\t\t\t\t<div class=\"elementor-element elementor-element-1ce54cf elementor-widget elementor-widget-heading\" data-id=\"1ce54cf\" data-element_type=\"widget\" data-e-type=\"widget\" data-widget_type=\"heading.default\">\n\t\t\t\t\t<h2 class=\"elementor-heading-title elementor-size-default\">About Us<\/h2>\t\t\t\t<\/div>\n\t\t\t\t<div class=\"elementor-element elementor-element-c1fd4f9 elementor-widget elementor-widget-text-editor\" data-id=\"c1fd4f9\" data-element_type=\"widget\" data-e-type=\"widget\" data-widget_type=\"text-editor.default\">\n\t\t\t\t\t\t\t\t\t<p data-start=\"154\" data-end=\"529\">With over 15 years of experience in travel and lifestyle journalism, we create content that explores the world through a narrative, rigorous, and visually driven lens. Our work focuses on telling authentic stories about travel destinations, gastronomy, and cultural events, highlighting the people, places, and traditions that define them.<\/p><p data-start=\"531\" data-end=\"820\">Through journalistic and photographic features, we aim to capture the essence of each experience and convey it with editorial sensitivity, taking care of both the content and the aesthetics. We believe in journalism that informs, inspires, and connects with the reader\u2014beyond trends.<\/p>\t\t\t\t\t\t\t\t<\/div>\n\t\t\t\t<\/div>\n\t\t<div class=\"elementor-element elementor-element-9c4ce6c e-con-full e-flex e-con e-child\" data-id=\"9c4ce6c\" data-element_type=\"container\" data-e-type=\"container\">\n\t\t\t\t<div class=\"elementor-element elementor-element-c43c426 elementor-widget elementor-widget-image\" data-id=\"c43c426\" data-element_type=\"widget\" data-e-type=\"widget\" data-widget_type=\"image.default\">\n\t\t\t\t\t\t\t\t\t\t\t\t\t\t\t<img fetchpriority=\"high\" decoding=\"async\" width=\"2000\" height=\"1333\" src=\"https:\/\/armandocerra.com\/wp-content\/uploads\/2025\/12\/2149118705.jpg\" class=\"attachment-2048x2048 size-2048x2048 wp-image-295\" alt=\"\" srcset=\"https:\/\/armandocerra.com\/wp-content\/uploads\/2025\/12\/2149118705.jpg 2000w, https:\/\/armandocerra.com\/wp-content\/uploads\/2025\/12\/2149118705-300x200.jpg 300w, https:\/\/armandocerra.com\/wp-content\/uploads\/2025\/12\/2149118705-1024x682.jpg 1024w, https:\/\/armandocerra.com\/wp-content\/uploads\/2025\/12\/2149118705-768x512.jpg 768w, https:\/\/armandocerra.com\/wp-content\/uploads\/2025\/12\/2149118705-1536x1024.jpg 1536w, https:\/\/armandocerra.com\/wp-content\/uploads\/2025\/12\/2149118705-18x12.jpg 18w\" sizes=\"(max-width: 2000px) 100vw, 2000px\" \/>\t\t\t\t\t\t\t\t\t\t\t\t\t\t\t<\/div>\n\t\t\t\t<\/div>\n\t\t\t\t\t<\/div>\n\t\t\t\t<\/div>\n\t\t\t\t<\/div>","protected":false},"excerpt":{"rendered":"<p>Armando Cerra Sobre nosotros Con m\u00e1s de 15 a\u00f1os de experiencia en el periodismo de viajes y lifestyle, desarrollamos contenidos que exploran el mundo desde una mirada narrativa, rigurosa y visual. Nuestro trabajo se centra en contar historias aut\u00e9nticas sobre destinos tur\u00edsticos, gastronom\u00eda y eventos culturales, poniendo el foco en las personas, los lugares y [&hellip;]<\/p>\n","protected":false},"author":1,"featured_media":0,"parent":0,"menu_order":0,"comment_status":"closed","ping_status":"closed","template":"elementor_canvas","meta":{"footnotes":""},"class_list":["post-2","page","type-page","status-publish","hentry"],"yoast_head":"<!-- This site is optimized with the Yoast SEO plugin v27.3 - https:\/\/yoast.com\/product\/yoast-seo-wordpress\/ -->\n<title>Inicio - Armando Cerra<\/title>\n<meta name=\"robots\" content=\"index, follow, max-snippet:-1, max-image-preview:large, max-video-preview:-1\" \/>\n<link rel=\"canonical\" href=\"https:\/\/armandocerra.com\/en\/\" \/>\n<meta property=\"og:locale\" content=\"en_US\" \/>\n<meta property=\"og:type\" content=\"article\" \/>\n<meta property=\"og:title\" content=\"Inicio - Armando Cerra\" \/>\n<meta property=\"og:description\" content=\"Armando Cerra Sobre nosotros Con m\u00e1s de 15 a\u00f1os de experiencia en el periodismo de viajes y lifestyle, desarrollamos contenidos que exploran el mundo desde una mirada narrativa, rigurosa y visual. Nuestro trabajo se centra en contar historias aut\u00e9nticas sobre destinos tur\u00edsticos, gastronom\u00eda y eventos culturales, poniendo el foco en las personas, los lugares y [&hellip;]\" \/>\n<meta property=\"og:url\" content=\"https:\/\/armandocerra.com\/en\/\" \/>\n<meta property=\"og:site_name\" content=\"Armando Cerra\" \/>\n<meta property=\"article:modified_time\" content=\"2025-12-22T10:39:45+00:00\" \/>\n<meta property=\"og:image\" content=\"https:\/\/armandocerra.com\/wp-content\/uploads\/2025\/12\/2149118705.jpg\" \/>\n<meta name=\"twitter:card\" content=\"summary_large_image\" \/>\n<meta name=\"twitter:label1\" content=\"Est. reading time\" \/>\n\t<meta name=\"twitter:data1\" content=\"1 minute\" \/>\n<script type=\"application\/ld+json\" class=\"yoast-schema-graph\">{\"@context\":\"https:\\\/\\\/schema.org\",\"@graph\":[{\"@type\":\"WebPage\",\"@id\":\"https:\\\/\\\/armandocerra.com\\\/\",\"url\":\"https:\\\/\\\/armandocerra.com\\\/\",\"name\":\"Inicio - Armando Cerra\",\"isPartOf\":{\"@id\":\"https:\\\/\\\/armandocerra.com\\\/#website\"},\"primaryImageOfPage\":{\"@id\":\"https:\\\/\\\/armandocerra.com\\\/#primaryimage\"},\"image\":{\"@id\":\"https:\\\/\\\/armandocerra.com\\\/#primaryimage\"},\"thumbnailUrl\":\"https:\\\/\\\/armandocerra.com\\\/wp-content\\\/uploads\\\/2025\\\/12\\\/2149118705.jpg\",\"datePublished\":\"2025-12-18T17:11:19+00:00\",\"dateModified\":\"2025-12-22T10:39:45+00:00\",\"breadcrumb\":{\"@id\":\"https:\\\/\\\/armandocerra.com\\\/#breadcrumb\"},\"inLanguage\":\"en-US\",\"potentialAction\":[{\"@type\":\"ReadAction\",\"target\":[\"https:\\\/\\\/armandocerra.com\\\/\"]}]},{\"@type\":\"ImageObject\",\"inLanguage\":\"en-US\",\"@id\":\"https:\\\/\\\/armandocerra.com\\\/#primaryimage\",\"url\":\"https:\\\/\\\/armandocerra.com\\\/wp-content\\\/uploads\\\/2025\\\/12\\\/2149118705.jpg\",\"contentUrl\":\"https:\\\/\\\/armandocerra.com\\\/wp-content\\\/uploads\\\/2025\\\/12\\\/2149118705.jpg\"},{\"@type\":\"BreadcrumbList\",\"@id\":\"https:\\\/\\\/armandocerra.com\\\/#breadcrumb\",\"itemListElement\":[{\"@type\":\"ListItem\",\"position\":1,\"name\":\"Portada\",\"item\":\"https:\\\/\\\/armandocerra.com\\\/\"},{\"@type\":\"ListItem\",\"position\":2,\"name\":\"Inicio\"}]},{\"@type\":\"WebSite\",\"@id\":\"https:\\\/\\\/armandocerra.com\\\/#website\",\"url\":\"https:\\\/\\\/armandocerra.com\\\/\",\"name\":\"Armando Cerra\",\"description\":\"Periodista de viajes y lifestyle\",\"publisher\":{\"@id\":\"https:\\\/\\\/armandocerra.com\\\/#organization\"},\"potentialAction\":[{\"@type\":\"SearchAction\",\"target\":{\"@type\":\"EntryPoint\",\"urlTemplate\":\"https:\\\/\\\/armandocerra.com\\\/?s={search_term_string}\"},\"query-input\":{\"@type\":\"PropertyValueSpecification\",\"valueRequired\":true,\"valueName\":\"search_term_string\"}}],\"inLanguage\":\"en-US\"},{\"@type\":\"Organization\",\"@id\":\"https:\\\/\\\/armandocerra.com\\\/#organization\",\"name\":\"Armando Cerra\",\"url\":\"https:\\\/\\\/armandocerra.com\\\/\",\"logo\":{\"@type\":\"ImageObject\",\"inLanguage\":\"en-US\",\"@id\":\"https:\\\/\\\/armandocerra.com\\\/#\\\/schema\\\/logo\\\/image\\\/\",\"url\":\"https:\\\/\\\/armandocerra.com\\\/wp-content\\\/uploads\\\/2025\\\/12\\\/cropped-armandocerra202510_logo_web-1.png\",\"contentUrl\":\"https:\\\/\\\/armandocerra.com\\\/wp-content\\\/uploads\\\/2025\\\/12\\\/cropped-armandocerra202510_logo_web-1.png\",\"width\":1080,\"height\":600,\"caption\":\"Armando Cerra\"},\"image\":{\"@id\":\"https:\\\/\\\/armandocerra.com\\\/#\\\/schema\\\/logo\\\/image\\\/\"}}]}<\/script>\n<!-- \/ Yoast SEO plugin. -->","yoast_head_json":{"title":"Inicio - Armando Cerra","robots":{"index":"index","follow":"follow","max-snippet":"max-snippet:-1","max-image-preview":"max-image-preview:large","max-video-preview":"max-video-preview:-1"},"canonical":"https:\/\/armandocerra.com\/en\/","og_locale":"en_US","og_type":"article","og_title":"Inicio - Armando Cerra","og_description":"Armando Cerra Sobre nosotros Con m\u00e1s de 15 a\u00f1os de experiencia en el periodismo de viajes y lifestyle, desarrollamos contenidos que exploran el mundo desde una mirada narrativa, rigurosa y visual. Nuestro trabajo se centra en contar historias aut\u00e9nticas sobre destinos tur\u00edsticos, gastronom\u00eda y eventos culturales, poniendo el foco en las personas, los lugares y [&hellip;]","og_url":"https:\/\/armandocerra.com\/en\/","og_site_name":"Armando Cerra","article_modified_time":"2025-12-22T10:39:45+00:00","og_image":[{"url":"https:\/\/armandocerra.com\/wp-content\/uploads\/2025\/12\/2149118705.jpg","type":"","width":"","height":""}],"twitter_card":"summary_large_image","twitter_misc":{"Est. reading time":"1 minute"},"schema":{"@context":"https:\/\/schema.org","@graph":[{"@type":"WebPage","@id":"https:\/\/armandocerra.com\/","url":"https:\/\/armandocerra.com\/","name":"Inicio - Armando Cerra","isPartOf":{"@id":"https:\/\/armandocerra.com\/#website"},"primaryImageOfPage":{"@id":"https:\/\/armandocerra.com\/#primaryimage"},"image":{"@id":"https:\/\/armandocerra.com\/#primaryimage"},"thumbnailUrl":"https:\/\/armandocerra.com\/wp-content\/uploads\/2025\/12\/2149118705.jpg","datePublished":"2025-12-18T17:11:19+00:00","dateModified":"2025-12-22T10:39:45+00:00","breadcrumb":{"@id":"https:\/\/armandocerra.com\/#breadcrumb"},"inLanguage":"en-US","potentialAction":[{"@type":"ReadAction","target":["https:\/\/armandocerra.com\/"]}]},{"@type":"ImageObject","inLanguage":"en-US","@id":"https:\/\/armandocerra.com\/#primaryimage","url":"https:\/\/armandocerra.com\/wp-content\/uploads\/2025\/12\/2149118705.jpg","contentUrl":"https:\/\/armandocerra.com\/wp-content\/uploads\/2025\/12\/2149118705.jpg"},{"@type":"BreadcrumbList","@id":"https:\/\/armandocerra.com\/#breadcrumb","itemListElement":[{"@type":"ListItem","position":1,"name":"Portada","item":"https:\/\/armandocerra.com\/"},{"@type":"ListItem","position":2,"name":"Inicio"}]},{"@type":"WebSite","@id":"https:\/\/armandocerra.com\/#website","url":"https:\/\/armandocerra.com\/","name":"Armando Cerra","description":"Periodista de viajes y lifestyle","publisher":{"@id":"https:\/\/armandocerra.com\/#organization"},"potentialAction":[{"@type":"SearchAction","target":{"@type":"EntryPoint","urlTemplate":"https:\/\/armandocerra.com\/?s={search_term_string}"},"query-input":{"@type":"PropertyValueSpecification","valueRequired":true,"valueName":"search_term_string"}}],"inLanguage":"en-US"},{"@type":"Organization","@id":"https:\/\/armandocerra.com\/#organization","name":"Armando Cerra","url":"https:\/\/armandocerra.com\/","logo":{"@type":"ImageObject","inLanguage":"en-US","@id":"https:\/\/armandocerra.com\/#\/schema\/logo\/image\/","url":"https:\/\/armandocerra.com\/wp-content\/uploads\/2025\/12\/cropped-armandocerra202510_logo_web-1.png","contentUrl":"https:\/\/armandocerra.com\/wp-content\/uploads\/2025\/12\/cropped-armandocerra202510_logo_web-1.png","width":1080,"height":600,"caption":"Armando Cerra"},"image":{"@id":"https:\/\/armandocerra.com\/#\/schema\/logo\/image\/"}}]}},"_links":{"self":[{"href":"https:\/\/armandocerra.com\/en\/wp-json\/wp\/v2\/pages\/2","targetHints":{"allow":["GET"]}}],"collection":[{"href":"https:\/\/armandocerra.com\/en\/wp-json\/wp\/v2\/pages"}],"about":[{"href":"https:\/\/armandocerra.com\/en\/wp-json\/wp\/v2\/types\/page"}],"author":[{"embeddable":true,"href":"https:\/\/armandocerra.com\/en\/wp-json\/wp\/v2\/users\/1"}],"replies":[{"embeddable":true,"href":"https:\/\/armandocerra.com\/en\/wp-json\/wp\/v2\/comments?post=2"}],"version-history":[{"count":19,"href":"https:\/\/armandocerra.com\/en\/wp-json\/wp\/v2\/pages\/2\/revisions"}],"predecessor-version":[{"id":329,"href":"https:\/\/armandocerra.com\/en\/wp-json\/wp\/v2\/pages\/2\/revisions\/329"}],"wp:attachment":[{"href":"https:\/\/armandocerra.com\/en\/wp-json\/wp\/v2\/media?parent=2"}],"curies":[{"name":"wp","href":"https:\/\/api.w.org\/{rel}","templated":true}]}}